{"id":10170,"date":"2024-11-15T12:48:51","date_gmt":"2024-11-15T11:48:51","guid":{"rendered":"https:\/\/www.urpean.com\/?page_id=10170"},"modified":"2024-11-15T12:48:52","modified_gmt":"2024-11-15T11:48:52","slug":"bienvenue-au-club","status":"publish","type":"page","link":"https:\/\/www.urpean.com\/?page_id=10170","title":{"rendered":"Bienvenue au club!"},"content":{"rendered":"\n<p class=\"wp-block-paragraph\"><strong><em>C\u2019est quoi le club URPEAN&nbsp;?<\/em><\/strong><\/p>\n\n\n\n<p class=\"wp-block-paragraph\">C\u2019est un club de plong\u00e9e sous-marine associatif, fond\u00e9 en 1963 et affili\u00e9 \u00e0 la FFESSM.<\/p>\n\n\n\n<p class=\"wp-block-paragraph\"><strong><em>Quelle est sa raison d\u2019\u00eatre&nbsp;?<\/em><\/strong><\/p>\n\n\n\n<p class=\"wp-block-paragraph\">L\u2019article 4 des statuts de l\u2019asso stipule que :<\/p>\n\n\n\n<p class=\"wp-block-paragraph\">\u00ab&nbsp;<em>L\u2019association a pour objet la pratique des sports et activit\u00e9s subaquatiques notamment la plong\u00e9e en scaphandre, la nage avec accessoires pratiqu\u00e9e en mer et piscine.<\/em><\/p>\n\n\n\n<p class=\"wp-block-paragraph\"><em>Elle contribue au respect des lois et r\u00e8glements ayant pour objet la conservation de la faune, de la flore et des richesses sous-marines, en tenant ses adh\u00e9rents inform\u00e9s des dispositions \u00e9dict\u00e9es \u00e0 cette fin.<\/em><\/p>\n\n\n\n<p class=\"wp-block-paragraph\"><em>L&rsquo;association respecte les r\u00e8gles d&rsquo;encadrement, d&rsquo;hygi\u00e8ne et de s\u00e9curit\u00e9 applicables aux disciplines sportives pratiqu\u00e9es par leurs membres.<\/em><\/p>\n\n\n\n<p class=\"wp-block-paragraph\"><em>L&rsquo;association ne poursuit aucun but lucratif : elle s&rsquo;interdit toutes les discussions ou manifestations pr\u00e9sentant un caract\u00e8re racial, politique ou confessionnel. L&rsquo;association s&rsquo;interdit toute discrimination ill\u00e9gale.<\/em>&nbsp;\u00bb<\/p>\n\n\n\n<p class=\"wp-block-paragraph\"><strong><em>\u00c7a veut dire quoi associatif&nbsp;?<\/em><\/strong><\/p>\n\n\n\n<p class=\"wp-block-paragraph\">\u00c7a veut dire que le club n\u2019a pas de but lucratif. Il se contente d\u2019avoir un bilan \u00e9quilibr\u00e9 tout en maintenant des tarifs les plus bas possibles afin de permettre au plus grand nombre de pratiquer la plong\u00e9e en toute s\u00e9curit\u00e9.<\/p>\n\n\n\n<p class=\"wp-block-paragraph\"><strong><em>Comment c\u2019est possible&nbsp;?<\/em><\/strong><\/p>\n\n\n\n<p class=\"wp-block-paragraph\">Comme toute asso, notre club fonctionne gr\u00e2ce \u00e0 ses membres b\u00e9n\u00e9voles. Il peut faire appel ponctuellement \u00e0 un ou plusieurs salari\u00e9s en renfort durant la saison d\u2019\u00e9t\u00e9. Ces personnels sont titulaires de brevets d\u2019\u00e9tat et r\u00e9mun\u00e9r\u00e9s suivant la convention collective du secteur.<\/p>\n\n\n\n<p class=\"wp-block-paragraph\"><strong><em>Et moi je peux participer&nbsp;?<\/em><\/strong><\/p>\n\n\n\n<p class=\"wp-block-paragraph\">Bien s\u00fbr&nbsp;! Il existe plein d\u2019occasions de donner un coup de main.<\/p>\n\n\n\n<p class=\"wp-block-paragraph\">\u00c7a commence par pousser les chariots entre le local et le bateau, d\u00e9poser les blocs pr\u00e8s des rampes de gonflage et ranger le mat\u00e9riel pr\u00eat\u00e9 apr\u00e8s le rin\u00e7age.<\/p>\n\n\n\n<p class=\"wp-block-paragraph\">Si tu es encadrant (E1, E2, E3 ou plus), le directeur de plong\u00e9e peut te demander d\u2019encadrer des plongeurs. Tu peux \u00e9galement \u00eatre sollicit\u00e9 pour faire des bapt\u00eames ou participer aux formations des nouveaux.<\/p>\n\n\n\n<p class=\"wp-block-paragraph\">Si tu as le permis c\u00f4tier et que tu es motiv\u00e9(e), tu peux aussi participer \u00e0 la formation interne pour piloter Asturriaga, notre bateau.<\/p>\n\n\n\n<p class=\"wp-block-paragraph\">Si tu n\u2019es pas trop allergique aux ordinateurs, on peut te former au secr\u00e9tariat pour pouvoir tenir les permanences pour les plong\u00e9es.<\/p>\n\n\n\n<p class=\"wp-block-paragraph\">En plus les administrateurs lancent r\u00e9guli\u00e8rement des \u00ab&nbsp;appels aux peuple&nbsp;\u00bb, \u00e0 l\u2019occasion d\u2019\u00e9v\u00e9nements sp\u00e9ciaux&nbsp;: hivernage, entretien du bateau ou des locaux, s\u00e9curisation de courses, et surtout f\u00eates.<\/p>\n\n\n\n<p class=\"wp-block-paragraph\"><strong><em>Pour faire la f\u00eate&nbsp;?<\/em><\/strong><\/p>\n\n\n\n<p class=\"wp-block-paragraph\">Pas si vite&nbsp;! Le club participe \u00e0 deux f\u00eates au cours de l\u2019\u00e9t\u00e9 en installant un point de restauration et un bar. A ces occasions tous les membres sont appel\u00e9s \u00e0 participer soit au montage \/ d\u00e9montage du stand, \u00e0 la logistique, en cuisine ou au service. Il y en a pour tout le monde, il suffit de r\u00e9pondre \u00e0 l\u2019appel.<\/p>\n\n\n\n<p class=\"wp-block-paragraph\">Le succ\u00e8s de ces f\u00eates est crucial pour le financement du club et son objectif&nbsp;: maintenir les tarifs au plus bas et donner acc\u00e8s \u00e0 la plong\u00e9e au plus grand nombre.<\/p>\n\n\n\n<p class=\"wp-block-paragraph\"><strong><em>Et nous, on fait des f\u00eates&nbsp;?<\/em><\/strong><\/p>\n\n\n\n<p class=\"wp-block-paragraph\">Tu as certainement d\u00fb rep\u00e9rer notre TXOKO (club house) \u00e0 l\u2019\u00e9tage du club. Plusieurs repas y sont organis\u00e9s durant l\u2019ann\u00e9e \u00e0 l\u2019occasion de la remise des dipl\u00f4mes en d\u00e9but d\u2019\u00e9t\u00e9, repas de fin de saison, et bien s\u00fbr l\u2019assembl\u00e9e g\u00e9n\u00e9rale de l\u2019asso, suivie en g\u00e9n\u00e9ral d\u2019un repas.<\/p>\n\n\n\n<p class=\"wp-block-paragraph\">Les \u00ab&nbsp;palier d\u2019observation&nbsp;\u00bb d\u2019apr\u00e8s plong\u00e9e y ont lieu \u00e9galement.<\/p>\n\n\n\n<p class=\"wp-block-paragraph\">Les occasions de c\u00e9l\u00e9brer la convivialit\u00e9 ne manquent pas, elles sont publi\u00e9es sur le site web.<\/p>\n\n\n\n<p class=\"wp-block-paragraph\"><strong><em>Et moi, je peux utiliser le TXOKO&nbsp;?&nbsp;<\/em><\/strong><\/p>\n\n\n\n<p class=\"wp-block-paragraph\">L\u2019utilisation du TXOKO est soumise \u00e0 l\u2019acquittement d\u2019une cotisation compl\u00e9mentaire \u00e0 celle du plongeur. Elle donne droit \u00e0 l\u2019acc\u00e8s aux installations r\u00e9cr\u00e9atives de l\u2019\u00e9tage. Le souscripteur TXOKO est r\u00e9f\u00e9renc\u00e9 dans l\u2019ordinateur du TXOKO et s\u2019engage \u00e0 r\u00e9gler toutes ses consommations et celles de ses accompagnants ainsi qu&rsquo; \u00e0 laisser le local dans l\u2019\u00e9tat de propret\u00e9 au moins \u00e9gal \u00e0 celui qui \u00e9tait \u00e0 son arriv\u00e9e.<\/p>\n\n\n\n<p class=\"wp-block-paragraph\">Il peut aussi r\u00e9server des places pour organiser des repas priv\u00e9s, suivant disponibilit\u00e9, et toujours dans le cadre du r\u00e8glement int\u00e9rieur du TXOKO.<\/p>\n\n\n\n<p class=\"wp-block-paragraph\"><strong><em>Et si je veux aller plus loin&nbsp;?<\/em><\/strong><\/p>\n\n\n\n<p class=\"wp-block-paragraph\">D\u2019abord, n\u2019oublies pas d\u2019assister \u00e0 l\u2019assembl\u00e9e g\u00e9n\u00e9rale de l\u2019asso qui a lieu en fin d\u2019ann\u00e9e. Elle est convoqu\u00e9e par courrier et sur le site web.<\/p>\n\n\n\n<p class=\"wp-block-paragraph\">C\u2019est un moment fort o\u00f9 l&rsquo;on fait le bilan de l\u2019ann\u00e9e \u00e9coul\u00e9e&nbsp;: activit\u00e9, situation financi\u00e8re, projets, etc\u2026 et o\u00f9 tous les membres peuvent faire part de leurs remarques.<\/p>\n\n\n\n<p class=\"wp-block-paragraph\">En plus on y \u00e9lit les membres du comit\u00e9 directeur (bureau) et donc on peut se faire \u00e9lire si on a candidat\u00e9 comme indiqu\u00e9 dans les statuts.<\/p>\n\n\n\n<p class=\"wp-block-paragraph\"><strong><em>Statuts, R\u00e8glement int\u00e9rieur, qu\u00e9saco&nbsp;?<\/em><\/strong><\/p>\n\n\n\n<p class=\"wp-block-paragraph\">Comme toute asso, URPEAN est r\u00e9git par ses statuts et son r\u00e8glement int\u00e9rieur. Ils sont disponibles sur demande aux membres du bureau.<\/p>\n\n\n\n<p class=\"wp-block-paragraph\"><strong><em>OK, et quand est-ce qu\u2019on plonge&nbsp;?<\/em><\/strong><\/p>\n\n\n\n<p class=\"wp-block-paragraph\">Chaque fois que c\u2019est possible&nbsp;! Il faut surtout regarder l\u2019agenda du site avant de venir. D\u00e8s que les 3 permanences sont assur\u00e9es, on sort&nbsp;! Les places sur le bateau sont disponibles sur le mod\u00e8le&nbsp;: premier arriv\u00e9, premier servi, sachant que les formations sont prioritaires.<\/p>\n\n\n","protected":false},"excerpt":{"rendered":"<p>C\u2019est quoi le club URPEAN&nbsp;? C\u2019est un club de plong\u00e9e sous-marine associatif, fond\u00e9 en 1963 et affili\u00e9 \u00e0 la FFESSM. Quelle est sa raison d\u2019\u00eatre&nbsp;? L\u2019article 4 des statuts de l\u2019asso stipule que : \u00ab&nbsp;L\u2019association a pour objet la pratique des sports et activit\u00e9s subaquatiques notamment la plong\u00e9e en scaphandre, la nage avec accessoires pratiqu\u00e9e&#8230;<\/p>\n","protected":false},"author":95,"featured_media":0,"parent":0,"menu_order":0,"comment_status":"closed","ping_status":"closed","template":"","meta":{"_crdt_document":"","ngg_post_thumbnail":0,"footnotes":""},"class_list":["post-10170","page","type-page","status-publish","hentry"],"_links":{"self":[{"href":"https:\/\/www.urpean.com\/index.php?rest_route=\/wp\/v2\/pages\/10170","targetHints":{"allow":["GET"]}}],"collection":[{"href":"https:\/\/www.urpean.com\/index.php?rest_route=\/wp\/v2\/pages"}],"about":[{"href":"https:\/\/www.urpean.com\/index.php?rest_route=\/wp\/v2\/types\/page"}],"author":[{"embeddable":true,"href":"https:\/\/www.urpean.com\/index.php?rest_route=\/wp\/v2\/users\/95"}],"replies":[{"embeddable":true,"href":"https:\/\/www.urpean.com\/index.php?rest_route=%2Fwp%2Fv2%2Fcomments&post=10170"}],"version-history":[{"count":1,"href":"https:\/\/www.urpean.com\/index.php?rest_route=\/wp\/v2\/pages\/10170\/revisions"}],"predecessor-version":[{"id":10171,"href":"https:\/\/www.urpean.com\/index.php?rest_route=\/wp\/v2\/pages\/10170\/revisions\/10171"}],"wp:attachment":[{"href":"https:\/\/www.urpean.com\/index.php?rest_route=%2Fwp%2Fv2%2Fmedia&parent=10170"}],"curies":[{"name":"wp","href":"https:\/\/api.w.org\/{rel}","templated":true}]}}