{"id":21,"date":"2007-11-14T21:13:31","date_gmt":"2007-11-14T20:13:31","guid":{"rendered":"http:\/\/www.urpean.com\/?page_id=21"},"modified":"2017-12-06T18:39:28","modified_gmt":"2017-12-06T17:39:28","slug":"nos-plongees","status":"publish","type":"page","link":"https:\/\/www.urpean.com\/?page_id=21","title":{"rendered":"Plong\u00e9es"},"content":{"rendered":"<p>Les plong\u00e9es au d\u00e9part d&rsquo;Hendaye sont parmis les plus vari\u00e9es de la c\u00f4te Basque puique nous rayonnons de Biarritz avec des plong\u00e9es comme l&rsquo;\u00e9pave du Morutier \u00e0 San Sebastian en Espagne sur le site de Pekachilla !<\/p>\n<p>Je vous invite \u00e0 d\u00e9couvrir nos plong\u00e9es en image.<\/p>\nngg_shortcode_0_placeholder\n","protected":false},"excerpt":{"rendered":"<p>Les plong\u00e9es au d\u00e9part d&rsquo;Hendaye sont parmis les plus vari\u00e9es de la c\u00f4te Basque puique nous rayonnons de Biarritz avec des plong\u00e9es comme l&rsquo;\u00e9pave du Morutier \u00e0 San Sebastian en Espagne sur le site de Pekachilla ! Je vous invite \u00e0 d\u00e9couvrir nos plong\u00e9es en image.<\/p>\n","protected":false},"author":1,"featured_media":0,"parent":0,"menu_order":3,"comment_status":"open","ping_status":"open","template":"","meta":{"_crdt_document":"","ngg_post_thumbnail":0,"footnotes":""},"class_list":["post-21","page","type-page","status-publish","hentry"],"_links":{"self":[{"href":"https:\/\/www.urpean.com\/index.php?rest_route=\/wp\/v2\/pages\/21","targetHints":{"allow":["GET"]}}],"collection":[{"href":"https:\/\/www.urpean.com\/index.php?rest_route=\/wp\/v2\/pages"}],"about":[{"href":"https:\/\/www.urpean.com\/index.php?rest_route=\/wp\/v2\/types\/page"}],"author":[{"embeddable":true,"href":"https:\/\/www.urpean.com\/index.php?rest_route=\/wp\/v2\/users\/1"}],"replies":[{"embeddable":true,"href":"https:\/\/www.urpean.com\/index.php?rest_route=%2Fwp%2Fv2%2Fcomments&post=21"}],"version-history":[{"count":9,"href":"https:\/\/www.urpean.com\/index.php?rest_route=\/wp\/v2\/pages\/21\/revisions"}],"predecessor-version":[{"id":5000,"href":"https:\/\/www.urpean.com\/index.php?rest_route=\/wp\/v2\/pages\/21\/revisions\/5000"}],"wp:attachment":[{"href":"https:\/\/www.urpean.com\/index.php?rest_route=%2Fwp%2Fv2%2Fmedia&parent=21"}],"curies":[{"name":"wp","href":"https:\/\/api.w.org\/{rel}","templated":true}]}}