{"id":3140,"date":"2013-04-17T11:28:06","date_gmt":"2013-04-17T10:28:06","guid":{"rendered":"http:\/\/www.urpean.com\/?page_id=3140"},"modified":"2025-12-08T12:27:01","modified_gmt":"2025-12-08T11:27:01","slug":"tarifs-2013","status":"publish","type":"page","link":"https:\/\/www.urpean.com\/?page_id=3140","title":{"rendered":"Tarifs \/ Inscription"},"content":{"rendered":"\n<p class=\"has-text-align-left wp-block-paragraph\">Inscription : voici le lien vers le <a href=\"https:\/\/www.urpean.com\/wp-content\/uploads\/2025\/12\/Fichier-inscription-2026-RECTO-et-VERSO.xlsx.xlsx-2-1.pdf\" data-type=\"link\" data-id=\"https:\/\/www.urpean.com\/wp-content\/uploads\/2025\/12\/Fichier-inscription-2026-RECTO-et-VERSO.xlsx.xlsx-2-1.pdf\">formulaire 2026<\/a>.<\/p>\n\n\n\n<p class=\"wp-block-paragraph\">Attention : Il est d\u00e9sormais obligatoire de pr\u00e9senter le Certificat M\u00e9dical (de moins d\u2019un an) pour commander la licence. Ce qui n\u2019\u00e9tait pas le cas auparavant.&nbsp;<\/p>\n\n\n\n<p class=\"wp-block-paragraph\">Du coup,<strong> aucune licence ne pourra \u00eatre faite si votre certificat m\u00e9dical n\u2019est pas joint au dossier d\u2019inscription<\/strong>. Quelques infos sur le CACI (Certificat d\u2019Absence de Contre-Indication \u00e0 la plong\u00e9e):<\/p>\n\n\n\n<ul class=\"wp-block-list\">\n<li><a href=\"https:\/\/www.urpean.com\/wp-content\/uploads\/2024\/04\/caci.pdf\" target=\"_blank\" rel=\"noopener\">Mod\u00e8le de Certificat <\/a>(obligatoire pour les mineurs)<\/li>\n\n\n\n<li><a href=\"https:\/\/www.urpean.com\/wp-content\/uploads\/2021\/12\/Modele_CACI.pdf\">Info 1<\/a><\/li>\n\n\n\n<li><a href=\"http:\/\/www.urpean.com\/wp-content\/uploads\/2017\/12\/CACI_1.jpg\">Info 2<\/a><\/li>\n\n\n\n<li><a href=\"http:\/\/www.urpean.com\/wp-content\/uploads\/2017\/12\/CACI-1.jpg\">Info 3<\/a><\/li>\n<\/ul>\n\n\n\n<p class=\"wp-block-paragraph\">Informations concernant les assurances compl\u00e9mentaires: <a href=\"https:\/\/www.urpean.com\/wp-content\/uploads\/2025\/03\/Fiche-AIA_Licencie-FFESSM_LafontAssurances-2024-2025.pdf\">Garanties et tarifs pour la saison 2024\/2025<\/a> <\/p>\n\n\n\n<p class=\"wp-block-paragraph\">De m\u00eame, aucune licence ne sera faite sans r\u00e9ception du paiement.<\/p>\n\n\n\n<div class=\"wp-block-columns is-layout-flex wp-container-core-columns-is-layout-8f761849 wp-block-columns-is-layout-flex\">\n<div class=\"wp-block-column is-layout-flow wp-block-column-is-layout-flow\" style=\"flex-basis:100%\">\n<figure class=\"wp-block-image size-large is-resized\"><a href=\"https:\/\/www.urpean.com\/wp-content\/uploads\/2025\/12\/image.png\"><img loading=\"lazy\" decoding=\"async\" width=\"644\" height=\"477\" src=\"https:\/\/www.urpean.com\/wp-content\/uploads\/2025\/12\/image-644x477.png\" alt=\"\" class=\"wp-image-10566\" style=\"width:840px;height:auto\" srcset=\"https:\/\/www.urpean.com\/wp-content\/uploads\/2025\/12\/image-644x477.png 644w, https:\/\/www.urpean.com\/wp-content\/uploads\/2025\/12\/image-300x222.png 300w, https:\/\/www.urpean.com\/wp-content\/uploads\/2025\/12\/image-768x568.png 768w, https:\/\/www.urpean.com\/wp-content\/uploads\/2025\/12\/image.png 973w\" sizes=\"auto, (max-width: 644px) 100vw, 644px\" \/><\/a><\/figure>\n<\/div>\n<\/div>\n\n\n\n\n","protected":false},"excerpt":{"rendered":"<p>Inscription : voici le lien vers le formulaire 2026. Attention : Il est d\u00e9sormais obligatoire de pr\u00e9senter le Certificat M\u00e9dical (de moins d\u2019un an) pour commander la licence. Ce qui n\u2019\u00e9tait pas le cas auparavant.&nbsp; Du coup, aucune licence ne pourra \u00eatre faite si votre certificat m\u00e9dical n\u2019est pas joint au dossier d\u2019inscription. Quelques infos&#8230;<\/p>\n","protected":false},"author":3,"featured_media":0,"parent":0,"menu_order":100,"comment_status":"closed","ping_status":"open","template":"","meta":{"_crdt_document":"","ngg_post_thumbnail":0,"footnotes":""},"class_list":["post-3140","page","type-page","status-publish","hentry"],"_links":{"self":[{"href":"https:\/\/www.urpean.com\/index.php?rest_route=\/wp\/v2\/pages\/3140","targetHints":{"allow":["GET"]}}],"collection":[{"href":"https:\/\/www.urpean.com\/index.php?rest_route=\/wp\/v2\/pages"}],"about":[{"href":"https:\/\/www.urpean.com\/index.php?rest_route=\/wp\/v2\/types\/page"}],"author":[{"embeddable":true,"href":"https:\/\/www.urpean.com\/index.php?rest_route=\/wp\/v2\/users\/3"}],"replies":[{"embeddable":true,"href":"https:\/\/www.urpean.com\/index.php?rest_route=%2Fwp%2Fv2%2Fcomments&post=3140"}],"version-history":[{"count":83,"href":"https:\/\/www.urpean.com\/index.php?rest_route=\/wp\/v2\/pages\/3140\/revisions"}],"predecessor-version":[{"id":10569,"href":"https:\/\/www.urpean.com\/index.php?rest_route=\/wp\/v2\/pages\/3140\/revisions\/10569"}],"wp:attachment":[{"href":"https:\/\/www.urpean.com\/index.php?rest_route=%2Fwp%2Fv2%2Fmedia&parent=3140"}],"curies":[{"name":"wp","href":"https:\/\/api.w.org\/{rel}","templated":true}]}}