{"id":4897,"date":"2015-12-24T08:19:11","date_gmt":"2015-12-24T07:19:11","guid":{"rendered":"http:\/\/www.urpean.com\/?page_id=4897"},"modified":"2017-12-06T18:35:20","modified_gmt":"2017-12-06T17:35:20","slug":"aire-marine-protegee","status":"publish","type":"page","link":"https:\/\/www.urpean.com\/?page_id=4897","title":{"rendered":"Aire marine prot\u00e9g\u00e9e"},"content":{"rendered":"<p style=\"padding-left: 30px;\"><a href=\"http:\/\/www.urpean.com\/wp-content\/uploads\/2015\/11\/DSC0155.jpg\" rel=\"attachment wp-att-4857\"><img loading=\"lazy\" decoding=\"async\" class=\"alignnone size-full wp-image-4857\" src=\"http:\/\/www.urpean.com\/wp-content\/uploads\/2015\/11\/DSC0155.jpg\" alt=\"_DSC0155\" width=\"799\" height=\"403\" srcset=\"https:\/\/www.urpean.com\/wp-content\/uploads\/2015\/11\/DSC0155.jpg 799w, https:\/\/www.urpean.com\/wp-content\/uploads\/2015\/11\/DSC0155-300x151.jpg 300w, https:\/\/www.urpean.com\/wp-content\/uploads\/2015\/11\/DSC0155-644x325.jpg 644w\" sizes=\"auto, (max-width: 799px) 100vw, 799px\" \/><\/a><\/p>\n<p>\u00a0 \u00a0 \u00a0 \u00a0 <strong>Derni\u00e8re version (Ao\u00fbt 2017) du livret de r\u00e9flexions et propositions pour la \u00a0 \u00a0 \u00a0 \u00a0 \u00a0 \u00a0 \u00a0 r\u00e9serve marine en C\u00f4te Basque<\/strong> : <a href=\"http:\/\/www.urpean.com\/wp-content\/uploads\/2017\/08\/livret-r\u00e9serve-naturelle-2017.pdf\">Ouvrir le PDF<\/a><\/p>\n<p style=\"padding-left: 30px;\"><strong>Historique de la mise en place de l&rsquo;aire marine prot\u00e9g\u00e9e <\/strong>: <a href=\"http:\/\/www.urpean.com\/wp-content\/uploads\/2015\/12\/Historique-aire-marine-prot\u00e9g\u00e9e.pdf\" rel=\"\">Ouvrir le PDF<\/a><\/p>\n<p style=\"padding-left: 30px;\"><strong>Livret de r\u00e9flexions et de propositions pour une r\u00e9serve marine sur la c\u00f4te Basque <\/strong>: <a href=\"http:\/\/www.urpean.com\/wp-content\/uploads\/2015\/03\/R\u00e9serve-naturelle..pdf\" target=\"_blank\" rel=\"noopener\">Ouvrir le PDF<\/a><\/p>\n<p style=\"padding-left: 30px;\"><strong>Signer la p\u00e9tition<\/strong> : <a href=\"http:\/\/www.mesopinions.com\/petition\/nature-environnement\/soutien-zone-reference-littoral-basque\/13686\" target=\"_blank\" rel=\"noopener\">ici<\/a><\/p>\n<p style=\"padding-left: 30px;\"><strong>Enqu\u00eate publique de l&rsquo;int\u00e9r\u00eat d&rsquo;une r\u00e9serve marine sur la c\u00f4te Basque<\/strong> : <a href=\"http:\/\/www.urpean.com\/wp-content\/uploads\/2015\/12\/Projet_Oceanide_FR.pdf\" target=\"_blank\" rel=\"noopener\">Oc\u00e9anide 2007 ouvrir le PDF<\/a><\/p>\n<p style=\"padding-left: 30px;\"><strong>Article Sud Ouest \u00a0du 19 Mars 2015<\/strong> : <a href=\"http:\/\/www.urpean.com\/wp-content\/uploads\/2015\/12\/20150319-Sud-Ouest_-ils-veulent-prot\u00e9ger-la-mer-et-ses-nombreux-tr\u00e9sors.pdf\" target=\"_blank\" rel=\"noopener\">ici<\/a><\/p>\n<p style=\"padding-left: 30px;\"><strong>Assembl\u00e9e G\u00e9n\u00e9rale du 15 D\u00e9cembre 2015 (Sud-Ouest)<\/strong> : <a href=\"http:\/\/www.urpean.com\/wp-content\/uploads\/2015\/12\/2015-12-21_SUD_OUEST.jpg\" target=\"_blank\" rel=\"noopener\">ici<\/a><\/p>\n<p style=\"padding-left: 30px;\"><strong>Article Sud-Ouest du 18 Juin 2015 (CODEP 64)<\/strong> : <a href=\"http:\/\/www.urpean.com\/wp-content\/uploads\/2015\/12\/20150618-Subaqua-ENVIRONNEMENT-UNE-INITIATIVE-DU-CODEP-64-1.pdf\" target=\"_blank\" rel=\"noopener\">ici<\/a><\/p>\n<p style=\"padding-left: 30px;\"><strong>Article du Sud-Ouest du 21 Avril 2015<\/strong> : <a href=\"http:\/\/www.urpean.com\/wp-content\/uploads\/2015\/12\/20150421-Sud-Ouest_-p\u00eacheurs-et-plongeurs-se-disputent-leurs-parts.pdf\" target=\"_blank\" rel=\"noopener\">ici<\/a><\/p>\n<p style=\"padding-left: 30px;\"><strong>D\u00e9claration du CODEP 64 lors de la r\u00e9union de cl\u00f4ture du 13 novembre 2015 pour la mise en place de l&rsquo;aire marine prot\u00e9g\u00e9e<\/strong> :<a href=\"http:\/\/www.urpean.com\/wp-content\/uploads\/2016\/02\/D\u00e9claration_plan_actions.docx\" rel=\"\">D\u00e9claration_plan_actions<\/a><\/p>\n<p style=\"padding-left: 30px;\"><strong>Courrier envoy\u00e9 au Pr\u00e9fet maritime et sa r\u00e9ponse<\/strong><span id=\"transmark\"><\/span> : <a href=\"http:\/\/www.urpean.com\/wp-content\/uploads\/2015\/12\/r\u00e9ponse_courrier_pr\u00e9fet_maritime.pdf\" rel=\"\">r\u00e9ponse_courrier_pr\u00e9fet_maritime \u00a0 \u00a0 <\/a> <a href=\"http:\/\/www.urpean.com\/wp-content\/uploads\/2015\/12\/lettre-sous-prefet-Bayonne-aires-marines.doc\" rel=\"\">lettre sous pr\u00e9fet Bayonne aires marines<\/a><\/p>\n","protected":false},"excerpt":{"rendered":"<p>\u00a0 \u00a0 \u00a0 \u00a0 Derni\u00e8re version (Ao\u00fbt 2017) du livret de r\u00e9flexions et propositions pour la \u00a0 \u00a0 \u00a0 \u00a0 \u00a0 \u00a0 \u00a0 r\u00e9serve marine en C\u00f4te Basque : Ouvrir le PDF Historique de la mise en place de l&rsquo;aire marine prot\u00e9g\u00e9e : Ouvrir le PDF Livret de r\u00e9flexions et de propositions pour une r\u00e9serve&#8230;<\/p>\n","protected":false},"author":5,"featured_media":0,"parent":0,"menu_order":0,"comment_status":"closed","ping_status":"closed","template":"","meta":{"_crdt_document":"","ngg_post_thumbnail":0,"footnotes":""},"class_list":["post-4897","page","type-page","status-publish","hentry"],"_links":{"self":[{"href":"https:\/\/www.urpean.com\/index.php?rest_route=\/wp\/v2\/pages\/4897","targetHints":{"allow":["GET"]}}],"collection":[{"href":"https:\/\/www.urpean.com\/index.php?rest_route=\/wp\/v2\/pages"}],"about":[{"href":"https:\/\/www.urpean.com\/index.php?rest_route=\/wp\/v2\/types\/page"}],"author":[{"embeddable":true,"href":"https:\/\/www.urpean.com\/index.php?rest_route=\/wp\/v2\/users\/5"}],"replies":[{"embeddable":true,"href":"https:\/\/www.urpean.com\/index.php?rest_route=%2Fwp%2Fv2%2Fcomments&post=4897"}],"version-history":[{"count":30,"href":"https:\/\/www.urpean.com\/index.php?rest_route=\/wp\/v2\/pages\/4897\/revisions"}],"predecessor-version":[{"id":6359,"href":"https:\/\/www.urpean.com\/index.php?rest_route=\/wp\/v2\/pages\/4897\/revisions\/6359"}],"wp:attachment":[{"href":"https:\/\/www.urpean.com\/index.php?rest_route=%2Fwp%2Fv2%2Fmedia&parent=4897"}],"curies":[{"name":"wp","href":"https:\/\/api.w.org\/{rel}","templated":true}]}}