{"id":49,"date":"2008-01-20T21:17:13","date_gmt":"2008-01-20T20:17:13","guid":{"rendered":"http:\/\/www.urpean.com\/?page_id=49"},"modified":"2025-03-09T16:21:47","modified_gmt":"2025-03-09T15:21:47","slug":"le-club","status":"publish","type":"page","link":"https:\/\/www.urpean.com\/?page_id=49","title":{"rendered":"Le Club"},"content":{"rendered":"<p>Le club Urpean est situ\u00e9 \u00e0 Hendaye, 64700, 10 rue des orangers. Le club est ouvert \u00e0 la piscine municipale d&rsquo;Hendaye le dimanche matin de janvier \u00e0 fin mars, le week-end dans son local au port de la Floride, d&rsquo;avril \u00e0 fin juin, 7 jours sur 7 du 1\u1d49\u02b3 juillet au 31 aout et le week-end de septembre \u00e0 mi-novembre.<\/p>\n<p>Les locaux :<\/p>\n<p>Au rez-de-chauss\u00e9e :<\/p>\n<ul>\n<li>1 salle d&rsquo;accueil avec un comptoir pour les inscriptions et le secr\u00e9tariat.<\/li>\n<li>1 salle pour le mat\u00e9riel \u00ab\u00a0\u00e9cole\u00a0\u00bb et de location (25 \u00e9quipements complets).<\/li>\n<li>1 salle humide pour les blocs et le gonflage (10 sorties).<\/li>\n<li>2 compresseurs de 45m\u00b3, 1 7m\u00b2 et 5 tampons 80lx300b.<\/li>\n<li>1 vaste vestiaire avec 2 douches individuelles et 1 douche collective, 2 WC.<\/li>\n<\/ul>\n<p>Au 1\u00b0 \u00e9tage :<\/p>\n<ul>\n<li>1 salle de r\u00e9union\/salle de cours avec tableaux et vid\u00e9oprojecteur.<\/li>\n<li>1 salle de r\u00e9ception + cuisine, dont l&rsquo;acc\u00e8s est r\u00e9glement\u00e9 et qui peut faire fonction de salle de cours.<\/li>\n<li>2 terrasses.<\/li>\n<\/ul>\n<p>\u00c0 deux pas :<\/p>\n<ul>\n<li>un premier bar restaurant.<\/li>\n<li>un deuxi\u00e8me bar restaurant.<\/li>\n<li>De nombreux magasins.<\/li>\n<\/ul>\n<p>Le Bateau :<\/p>\n<ul>\n<li>Nom: Asturriaga.<\/li>\n<li>Homologu\u00e9 29 plongeurs + un pilote.<\/li>\n<li>Coque aluminium, 11,90 m\u00e8tres, cabine avant et taud en dur recouvrant l&rsquo;arri\u00e8re.<\/li>\n<li>Vitesse de route, 10 n\u0153uds, VHF, sondeur, \u00e9quipements de secours, poste d\u2019oxyg\u00e8ne.<\/li>\n<li>Il est mouill\u00e9 \u00e0 deux minutes \u00e0 pied du local.<\/li>\n<\/ul>\n<p>Les sites : Plus de trente sites de plong\u00e9e :<\/p>\n<ul>\n<li>Baie des cochons.<\/li>\n<li>Le mur.<\/li>\n<li>Sites dans la baie d\u2019Hendaye.<\/li>\n<li>Sites le long de la c\u00f4t\u00e9 espagnole.<\/li>\n<li>Sites entre Hendaye et Saint Jean de Luz<\/li>\n<\/ul>\n<p>Ils sont accessibles de 15 \u00e0 45 minutes de route et de 3 \u00e0 40 m\u00e8tres de profondeur (accessibles aux plongeurs en fonction de leurs niveaux).<\/p>\n<p>L\u2019\u00e9quipe :<\/p>\n<p>Les membres du bureau, tous b\u00e9n\u00e9voles, sont les interlocuteurs privil\u00e9gi\u00e9s. Ils ont pour la majorit\u00e9 d\u2019entre eux initiateurs, N5 et moniteurs f\u00e9d\u00e9raux ou\/et d\u2019\u00e9tat. D\u2019autres moniteurs soci\u00e9taires du club animent \u00e9galement b\u00e9n\u00e9volement les formations et l\u2019encadrement des plong\u00e9es.<\/p>\n<p>De plus, en Juillet\/Ao\u00fbt, 1 \u00e0 2 moniteurs Brevet d\u2019\u00c9tat sont embauch\u00e9s.<\/p>\n<h2 style=\"text-align: center;\">&nbsp;<\/h2>\n","protected":false},"excerpt":{"rendered":"<p>Le club Urpean est situ\u00e9 \u00e0 Hendaye, 64700, 10 rue des orangers. Le club est ouvert \u00e0 la piscine municipale d&rsquo;Hendaye le dimanche matin de janvier \u00e0 fin mars, le week-end dans son local au port de la Floride, d&rsquo;avril \u00e0 fin juin, 7 jours sur 7 du 1\u1d49\u02b3 juillet au 31 aout et le&#8230;<\/p>\n","protected":false},"author":3,"featured_media":0,"parent":0,"menu_order":10,"comment_status":"open","ping_status":"open","template":"","meta":{"_crdt_document":"","ngg_post_thumbnail":0,"footnotes":""},"class_list":["post-49","page","type-page","status-publish","hentry"],"_links":{"self":[{"href":"https:\/\/www.urpean.com\/index.php?rest_route=\/wp\/v2\/pages\/49","targetHints":{"allow":["GET"]}}],"collection":[{"href":"https:\/\/www.urpean.com\/index.php?rest_route=\/wp\/v2\/pages"}],"about":[{"href":"https:\/\/www.urpean.com\/index.php?rest_route=\/wp\/v2\/types\/page"}],"author":[{"embeddable":true,"href":"https:\/\/www.urpean.com\/index.php?rest_route=\/wp\/v2\/users\/3"}],"replies":[{"embeddable":true,"href":"https:\/\/www.urpean.com\/index.php?rest_route=%2Fwp%2Fv2%2Fcomments&post=49"}],"version-history":[{"count":17,"href":"https:\/\/www.urpean.com\/index.php?rest_route=\/wp\/v2\/pages\/49\/revisions"}],"predecessor-version":[{"id":10332,"href":"https:\/\/www.urpean.com\/index.php?rest_route=\/wp\/v2\/pages\/49\/revisions\/10332"}],"wp:attachment":[{"href":"https:\/\/www.urpean.com\/index.php?rest_route=%2Fwp%2Fv2%2Fmedia&parent=49"}],"curies":[{"name":"wp","href":"https:\/\/api.w.org\/{rel}","templated":true}]}}