{"id":4909,"date":"2015-12-25T09:29:25","date_gmt":"2015-12-25T08:29:25","guid":{"rendered":"http:\/\/www.urpean.com\/?page_id=4909"},"modified":"2026-02-01T09:02:12","modified_gmt":"2026-02-01T08:02:12","slug":"trophee-argia","status":"publish","type":"page","link":"https:\/\/www.urpean.com\/?page_id=4909","title":{"rendered":"Troph\u00e9e ARGIA 2026"},"content":{"rendered":"\n<p>Les inscriptions pour le troph\u00e9e ARGIA sont ouvertes!<\/p>\n<p>Attention, <strong>12 \u00e9quipes maximum<\/strong> autoris\u00e9es pour le troph\u00e9e.<\/p>\n<p><img loading=\"lazy\" decoding=\"async\" class=\"alignnone size-full wp-image-10534\" src=\"https:\/\/www.urpean.com\/wp-content\/uploads\/2025\/11\/ARGIA_2026_portrait.jpg\" alt=\"\" width=\"2138\" height=\"2848\" srcset=\"https:\/\/www.urpean.com\/wp-content\/uploads\/2025\/11\/ARGIA_2026_portrait.jpg 2138w, https:\/\/www.urpean.com\/wp-content\/uploads\/2025\/11\/ARGIA_2026_portrait-225x300.jpg 225w, https:\/\/www.urpean.com\/wp-content\/uploads\/2025\/11\/ARGIA_2026_portrait-644x858.jpg 644w, https:\/\/www.urpean.com\/wp-content\/uploads\/2025\/11\/ARGIA_2026_portrait-768x1023.jpg 768w, https:\/\/www.urpean.com\/wp-content\/uploads\/2025\/11\/ARGIA_2026_portrait-1153x1536.jpg 1153w, https:\/\/www.urpean.com\/wp-content\/uploads\/2025\/11\/ARGIA_2026_portrait-1537x2048.jpg 1537w\" sizes=\"auto, (max-width: 2138px) 100vw, 2138px\" \/><\/p>\n<p>Inscriptions du troph\u00e9e <strong>ARGIA 2026<\/strong> , <a href=\"https:\/\/www.urpean.com\/wp-content\/uploads\/2026\/02\/2026-inscription_trophee_argia_v2.docx.pdf\"><span style=\"color: #0000ff;\"><strong>Fran\u00e7ais <\/strong><\/span><\/a>\/ <a href=\"https:\/\/www.urpean.com\/wp-content\/uploads\/2026\/02\/2026-inscription_trophee_argia_espagnol.docx.pdf\"><span style=\"color: #0000ff;\"><strong>Espa\u00f1ol&nbsp;<\/strong><\/span><\/a><\/p>\n<p>R\u00e8glement du troph\u00e9e <strong>ARGIA 2026<\/strong> (Fran\u00e7ais \/ Espa\u00f1ol): <span style=\"color: #0000ff;\"><strong><a style=\"color: #0000ff;\" href=\"https:\/\/www.urpean.com\/wp-content\/uploads\/2024\/01\/Reglement_trophee_argia.pdf\">ici<\/a><\/strong><\/span><\/p>\n<p>Th\u00e8mes du troph\u00e9e <strong>ARGIA 2026<\/strong> (Fran\u00e7ais \/ Espa\u00f1ol ) : <span style=\"color: #0000ff;\"><strong><a style=\"color: #0000ff;\" href=\"https:\/\/www.urpean.com\/wp-content\/uploads\/2024\/01\/Themes_trophee_argia.pdf\">ici<\/a><\/strong><\/span><\/p>\n<p>&nbsp;<\/p>\n<hr>\n<p><strong>TROPH\u00c9E ARGIA 2025<\/strong><\/p>\n<p><img loading=\"lazy\" decoding=\"async\" class=\"alignnone size-full wp-image-10439\" src=\"https:\/\/www.urpean.com\/wp-content\/uploads\/2025\/07\/22062025-_SME3150.jpg\" alt=\"\" width=\"902\" height=\"600\" srcset=\"https:\/\/www.urpean.com\/wp-content\/uploads\/2025\/07\/22062025-_SME3150.jpg 902w, https:\/\/www.urpean.com\/wp-content\/uploads\/2025\/07\/22062025-_SME3150-300x200.jpg 300w, https:\/\/www.urpean.com\/wp-content\/uploads\/2025\/07\/22062025-_SME3150-644x428.jpg 644w, https:\/\/www.urpean.com\/wp-content\/uploads\/2025\/07\/22062025-_SME3150-768x511.jpg 768w\" sizes=\"auto, (max-width: 902px) 100vw, 902px\" \/><\/p>\n<p><img loading=\"lazy\" decoding=\"async\" class=\"alignnone size-full wp-image-10436\" src=\"https:\/\/www.urpean.com\/wp-content\/uploads\/2025\/07\/22062025-_SME3161.jpg\" alt=\"\" width=\"902\" height=\"600\" srcset=\"https:\/\/www.urpean.com\/wp-content\/uploads\/2025\/07\/22062025-_SME3161.jpg 902w, https:\/\/www.urpean.com\/wp-content\/uploads\/2025\/07\/22062025-_SME3161-300x200.jpg 300w, https:\/\/www.urpean.com\/wp-content\/uploads\/2025\/07\/22062025-_SME3161-644x428.jpg 644w, https:\/\/www.urpean.com\/wp-content\/uploads\/2025\/07\/22062025-_SME3161-768x511.jpg 768w\" sizes=\"auto, (max-width: 902px) 100vw, 902px\" \/><\/p>\n<p><img loading=\"lazy\" decoding=\"async\" class=\"alignnone size-full wp-image-10424\" src=\"https:\/\/www.urpean.com\/wp-content\/uploads\/2025\/07\/21062025-_SME3139.jpg\" alt=\"\" width=\"1000\" height=\"562\" srcset=\"https:\/\/www.urpean.com\/wp-content\/uploads\/2025\/07\/21062025-_SME3139.jpg 1000w, https:\/\/www.urpean.com\/wp-content\/uploads\/2025\/07\/21062025-_SME3139-300x169.jpg 300w, https:\/\/www.urpean.com\/wp-content\/uploads\/2025\/07\/21062025-_SME3139-644x362.jpg 644w, https:\/\/www.urpean.com\/wp-content\/uploads\/2025\/07\/21062025-_SME3139-768x432.jpg 768w\" sizes=\"auto, (max-width: 1000px) 100vw, 1000px\" \/><\/p>\n<p><img loading=\"lazy\" decoding=\"async\" class=\"alignnone size-full wp-image-10431\" src=\"https:\/\/www.urpean.com\/wp-content\/uploads\/2025\/07\/21062025-_SME3144-1.jpg\" alt=\"\" width=\"1000\" height=\"562\" srcset=\"https:\/\/www.urpean.com\/wp-content\/uploads\/2025\/07\/21062025-_SME3144-1.jpg 1000w, https:\/\/www.urpean.com\/wp-content\/uploads\/2025\/07\/21062025-_SME3144-1-300x169.jpg 300w, https:\/\/www.urpean.com\/wp-content\/uploads\/2025\/07\/21062025-_SME3144-1-644x362.jpg 644w, https:\/\/www.urpean.com\/wp-content\/uploads\/2025\/07\/21062025-_SME3144-1-768x432.jpg 768w\" sizes=\"auto, (max-width: 1000px) 100vw, 1000px\" \/><\/p>\n<p>&nbsp;<\/p>\n<p><strong>TROPH\u00c9E ARGIA 2024<\/strong><\/p>\n<p><iframe loading=\"lazy\" title=\"Argia 2024. Journ\u00e9e de comp\u00e9tition.\" width=\"644\" height=\"362\" src=\"https:\/\/www.youtube.com\/embed\/hR9C4VolqMk?feature=oembed\" frameborder=\"0\" allow=\"accelerometer; autoplay; clipboard-write; encrypted-media; gyroscope; picture-in-picture; web-share\" referrerpolicy=\"strict-origin-when-cross-origin\" allowfullscreen><\/iframe><\/p>\n<p>&nbsp;<\/p>\n<p><iframe loading=\"lazy\" title=\"Argia 2024 CLASSEMENT\" width=\"644\" height=\"362\" src=\"https:\/\/www.youtube.com\/embed\/Sk4XFcHXt_U?feature=oembed\" frameborder=\"0\" allow=\"accelerometer; autoplay; clipboard-write; encrypted-media; gyroscope; picture-in-picture; web-share\" referrerpolicy=\"strict-origin-when-cross-origin\" allowfullscreen><\/iframe><\/p>\n<p>&nbsp;<\/p>\n\n\n\n<p class=\"wp-block-paragraph\"><\/p>\n\n\n\n<p class=\"wp-block-paragraph\"><\/p>\n\n\n","protected":false},"excerpt":{"rendered":"<p>Les inscriptions pour le troph\u00e9e ARGIA sont ouvertes! Attention, 12 \u00e9quipes maximum autoris\u00e9es pour le troph\u00e9e. Inscriptions du troph\u00e9e ARGIA 2026 , Fran\u00e7ais \/ Espa\u00f1ol&nbsp; R\u00e8glement du troph\u00e9e ARGIA 2026 (Fran\u00e7ais \/ Espa\u00f1ol): ici Th\u00e8mes du troph\u00e9e ARGIA 2026 (Fran\u00e7ais \/ Espa\u00f1ol ) : ici &nbsp; TROPH\u00c9E ARGIA 2025 &nbsp; TROPH\u00c9E ARGIA 2024 &nbsp; &nbsp;<\/p>\n","protected":false},"author":5,"featured_media":0,"parent":0,"menu_order":0,"comment_status":"closed","ping_status":"closed","template":"","meta":{"_crdt_document":"","ngg_post_thumbnail":0,"footnotes":""},"class_list":["post-4909","page","type-page","status-publish","hentry"],"_links":{"self":[{"href":"https:\/\/www.urpean.com\/index.php?rest_route=\/wp\/v2\/pages\/4909","targetHints":{"allow":["GET"]}}],"collection":[{"href":"https:\/\/www.urpean.com\/index.php?rest_route=\/wp\/v2\/pages"}],"about":[{"href":"https:\/\/www.urpean.com\/index.php?rest_route=\/wp\/v2\/types\/page"}],"author":[{"embeddable":true,"href":"https:\/\/www.urpean.com\/index.php?rest_route=\/wp\/v2\/users\/5"}],"replies":[{"embeddable":true,"href":"https:\/\/www.urpean.com\/index.php?rest_route=%2Fwp%2Fv2%2Fcomments&post=4909"}],"version-history":[{"count":48,"href":"https:\/\/www.urpean.com\/index.php?rest_route=\/wp\/v2\/pages\/4909\/revisions"}],"predecessor-version":[{"id":10614,"href":"https:\/\/www.urpean.com\/index.php?rest_route=\/wp\/v2\/pages\/4909\/revisions\/10614"}],"wp:attachment":[{"href":"https:\/\/www.urpean.com\/index.php?rest_route=%2Fwp%2Fv2%2Fmedia&parent=4909"}],"curies":[{"name":"wp","href":"https:\/\/api.w.org\/{rel}","templated":true}]}}