{"id":4914,"date":"2015-12-25T09:33:28","date_gmt":"2015-12-25T08:33:28","guid":{"rendered":"http:\/\/www.urpean.com\/?page_id=4914"},"modified":"2026-03-17T15:44:15","modified_gmt":"2026-03-17T14:44:15","slug":"conseil-dadministration","status":"publish","type":"page","link":"https:\/\/www.urpean.com\/?page_id=4914","title":{"rendered":"Conseil d&rsquo;administration"},"content":{"rendered":"\n<h2 class=\"wp-block-heading\"><figure><a href=\"http:\/\/www.urpean.com\/wp-content\/uploads\/2008\/05\/logo.jpg\" rel=\"attachment wp-att-90\"><img loading=\"lazy\" decoding=\"async\" class=\"size-full wp-image-90 aligncenter\" src=\"http:\/\/www.urpean.com\/wp-content\/uploads\/2008\/05\/logo.jpg\" alt=\"logo\" width=\"385\" height=\"373\" srcset=\"https:\/\/www.urpean.com\/wp-content\/uploads\/2008\/05\/logo.jpg 385w, https:\/\/www.urpean.com\/wp-content\/uploads\/2008\/05\/logo-300x290.jpg 300w\" sizes=\"auto, (max-width: 385px) 100vw, 385px\" \/><\/a><\/figure><\/h2>\n\n\n\n<h2 class=\"wp-block-heading\"><strong>Conseil d&rsquo;administration 2026.<\/strong><\/h2>\n\n\n\n<p class=\"wp-block-paragraph\">Suite \u00e0 l&rsquo;assembl\u00e9e g\u00e9n\u00e9rale qui s&rsquo;est tenue le Samedi 6 D\u00e9cembre 2025, le nouveau conseil d&rsquo;administration est compos\u00e9 des membres ci-dessous. Les postes ont \u00e9t\u00e9 d\u00e9finis lors de la r\u00e9union du Comit\u00e9 Directeur le Jeudi 11 D\u00e9cembre 2025 :<\/p>\n\n\n\n<figure class=\"wp-block-image size-full is-resized\"><a href=\"https:\/\/www.urpean.com\/wp-content\/uploads\/2026\/03\/2026-03-17-15-40-02.png\"><img loading=\"lazy\" decoding=\"async\" width=\"388\" height=\"688\" src=\"https:\/\/www.urpean.com\/wp-content\/uploads\/2026\/03\/2026-03-17-15-40-02.png\" alt=\"\" class=\"wp-image-10636\" style=\"aspect-ratio:0.5639540920361524;width:585px;height:auto\" srcset=\"https:\/\/www.urpean.com\/wp-content\/uploads\/2026\/03\/2026-03-17-15-40-02.png 388w, https:\/\/www.urpean.com\/wp-content\/uploads\/2026\/03\/2026-03-17-15-40-02-169x300.png 169w\" sizes=\"auto, (max-width: 388px) 100vw, 388px\" \/><\/a><\/figure>\n","protected":false},"excerpt":{"rendered":"<p>Conseil d&rsquo;administration 2026. Suite \u00e0 l&rsquo;assembl\u00e9e g\u00e9n\u00e9rale qui s&rsquo;est tenue le Samedi 6 D\u00e9cembre 2025, le nouveau conseil d&rsquo;administration est compos\u00e9 des membres ci-dessous. Les postes ont \u00e9t\u00e9 d\u00e9finis lors de la r\u00e9union du Comit\u00e9 Directeur le Jeudi 11 D\u00e9cembre 2025 :<\/p>\n","protected":false},"author":5,"featured_media":0,"parent":0,"menu_order":0,"comment_status":"closed","ping_status":"closed","template":"","meta":{"_crdt_document":"","ngg_post_thumbnail":0,"footnotes":""},"class_list":["post-4914","page","type-page","status-publish","hentry"],"_links":{"self":[{"href":"https:\/\/www.urpean.com\/index.php?rest_route=\/wp\/v2\/pages\/4914","targetHints":{"allow":["GET"]}}],"collection":[{"href":"https:\/\/www.urpean.com\/index.php?rest_route=\/wp\/v2\/pages"}],"about":[{"href":"https:\/\/www.urpean.com\/index.php?rest_route=\/wp\/v2\/types\/page"}],"author":[{"embeddable":true,"href":"https:\/\/www.urpean.com\/index.php?rest_route=\/wp\/v2\/users\/5"}],"replies":[{"embeddable":true,"href":"https:\/\/www.urpean.com\/index.php?rest_route=%2Fwp%2Fv2%2Fcomments&post=4914"}],"version-history":[{"count":22,"href":"https:\/\/www.urpean.com\/index.php?rest_route=\/wp\/v2\/pages\/4914\/revisions"}],"predecessor-version":[{"id":10638,"href":"https:\/\/www.urpean.com\/index.php?rest_route=\/wp\/v2\/pages\/4914\/revisions\/10638"}],"wp:attachment":[{"href":"https:\/\/www.urpean.com\/index.php?rest_route=%2Fwp%2Fv2%2Fmedia&parent=4914"}],"curies":[{"name":"wp","href":"https:\/\/api.w.org\/{rel}","templated":true}]}}