{"id":4958,"date":"2016-01-05T22:22:59","date_gmt":"2016-01-05T21:22:59","guid":{"rendered":"http:\/\/www.urpean.com\/?page_id=4958"},"modified":"2017-12-06T18:36:48","modified_gmt":"2017-12-06T17:36:48","slug":"projet-bateau","status":"publish","type":"page","link":"https:\/\/www.urpean.com\/?page_id=4958","title":{"rendered":"Projet Bateau"},"content":{"rendered":"<p>Ao\u00fbt 2016<\/p>\n<p>Voici les derni\u00e8res photos de notre bateau! Visite \u00e0 SETE de Jacky, Eric et Mikel.<\/p>\n<p>Serge RAOUX (Bateaux GOSSELIN) et Jean-Luc BABEAU (Motoriste) nous ont pr\u00e9sent\u00e9 les travaux r\u00e9alis\u00e9s et en cours : On aura un super bateau !!!!<\/p>\n<p><a href=\"http:\/\/www.urpean.com\/wp-content\/uploads\/2016\/08\/DSC_0111.jpg\" rel=\"attachment wp-att-5434\"><img decoding=\"async\" class=\"alignnone size-full wp-image-5434\" src=\"http:\/\/www.urpean.com\/wp-content\/uploads\/2016\/08\/DSC_0111.jpg\" alt=\"DSC_0111\" \/><\/a><\/p>\n<p><a href=\"http:\/\/www.urpean.com\/wp-content\/uploads\/2016\/08\/DSC_0105.jpg\" rel=\"attachment wp-att-5433\"><img decoding=\"async\" class=\"alignnone size-full wp-image-5433\" src=\"http:\/\/www.urpean.com\/wp-content\/uploads\/2016\/08\/DSC_0105.jpg\" alt=\"DSC_0105\" \/><\/a><\/p>\n<p><a href=\"http:\/\/www.urpean.com\/wp-content\/uploads\/2016\/08\/DSC_0098.jpg\" rel=\"attachment wp-att-5431\"><img decoding=\"async\" class=\"alignnone size-full wp-image-5431\" src=\"http:\/\/www.urpean.com\/wp-content\/uploads\/2016\/08\/DSC_0098.jpg\" alt=\"DSC_0098\" \/><\/a><\/p>\n<p><a href=\"http:\/\/www.urpean.com\/wp-content\/uploads\/2016\/08\/DSC_0097.jpg\" rel=\"attachment wp-att-5430\"><img decoding=\"async\" class=\"alignnone size-full wp-image-5430\" src=\"http:\/\/www.urpean.com\/wp-content\/uploads\/2016\/08\/DSC_0097.jpg\" alt=\"DSC_0097\" \/><\/a><\/p>\n<p><a href=\"http:\/\/www.urpean.com\/wp-content\/uploads\/2016\/08\/DSC_0079.jpg\" rel=\"attachment wp-att-5423\"><img decoding=\"async\" class=\"alignnone size-full wp-image-5423\" src=\"http:\/\/www.urpean.com\/wp-content\/uploads\/2016\/08\/DSC_0079.jpg\" alt=\"DSC_0079\" \/><\/a><\/p>\n<p><a href=\"http:\/\/www.urpean.com\/wp-content\/uploads\/2016\/08\/DSC_0080.jpg\" rel=\"attachment wp-att-5424\"><img decoding=\"async\" class=\"alignnone size-full wp-image-5424\" src=\"http:\/\/www.urpean.com\/wp-content\/uploads\/2016\/08\/DSC_0080.jpg\" alt=\"DSC_0080\" \/><\/a><\/p>\n<p><a href=\"http:\/\/www.urpean.com\/wp-content\/uploads\/2016\/08\/DSC0043.jpg\" rel=\"attachment wp-att-5412\"><img decoding=\"async\" class=\"alignnone size-full wp-image-5412\" src=\"http:\/\/www.urpean.com\/wp-content\/uploads\/2016\/08\/DSC0043.jpg\" alt=\"_DSC0043\" \/><\/a><\/p>\n<p><a href=\"http:\/\/www.urpean.com\/wp-content\/uploads\/2016\/08\/DSC0045.jpg\" rel=\"attachment wp-att-5413\"><img decoding=\"async\" class=\"alignnone size-full wp-image-5413\" src=\"http:\/\/www.urpean.com\/wp-content\/uploads\/2016\/08\/DSC0045.jpg\" alt=\"_DSC0045\" \/><\/a><\/p>\n<p><a href=\"http:\/\/www.urpean.com\/wp-content\/uploads\/2016\/08\/DSC0039.jpg\" rel=\"attachment wp-att-5410\"><img decoding=\"async\" class=\"alignnone size-full wp-image-5410\" src=\"http:\/\/www.urpean.com\/wp-content\/uploads\/2016\/08\/DSC0039.jpg\" alt=\"_DSC0039\" \/><\/a><\/p>\n<p><a href=\"http:\/\/www.urpean.com\/wp-content\/uploads\/2016\/08\/DSC0047.jpg\" rel=\"attachment wp-att-5415\"><img decoding=\"async\" class=\"alignnone size-full wp-image-5415\" src=\"http:\/\/www.urpean.com\/wp-content\/uploads\/2016\/08\/DSC0047.jpg\" alt=\"_DSC0047\" \/><\/a><\/p>\n<p><a href=\"http:\/\/www.urpean.com\/wp-content\/uploads\/2016\/08\/DSC0046.jpg\" rel=\"attachment wp-att-5414\"><img decoding=\"async\" class=\"alignnone size-full wp-image-5414\" src=\"http:\/\/www.urpean.com\/wp-content\/uploads\/2016\/08\/DSC0046.jpg\" alt=\"_DSC0046\" \/><\/a><\/p>\n<p><a href=\"http:\/\/www.urpean.com\/wp-content\/uploads\/2016\/08\/DSC_0028.jpg\" rel=\"attachment wp-att-5417\"><img decoding=\"async\" class=\"alignnone size-full wp-image-5417\" src=\"http:\/\/www.urpean.com\/wp-content\/uploads\/2016\/08\/DSC_0028.jpg\" alt=\"DSC_0028\" \/><\/a><\/p>\n<p>&nbsp;<\/p>\n<p><a href=\"http:\/\/www.urpean.com\/wp-content\/uploads\/2016\/08\/DSC_0063.jpg\" rel=\"attachment wp-att-5419\"><img decoding=\"async\" class=\"alignnone size-full wp-image-5419\" src=\"http:\/\/www.urpean.com\/wp-content\/uploads\/2016\/08\/DSC_0063.jpg\" alt=\"DSC_0063\" \/><\/a><\/p>\n<p><a href=\"http:\/\/www.urpean.com\/wp-content\/uploads\/2016\/08\/DSC_0084.jpg\" rel=\"attachment wp-att-5425\"><img decoding=\"async\" class=\"alignnone size-full wp-image-5425\" src=\"http:\/\/www.urpean.com\/wp-content\/uploads\/2016\/08\/DSC_0084.jpg\" alt=\"DSC_0084\" \/><\/a><\/p>\n<p><a href=\"http:\/\/www.urpean.com\/wp-content\/uploads\/2016\/08\/DSC_0068.jpg\" rel=\"attachment wp-att-5420\"><img decoding=\"async\" class=\"alignnone size-full wp-image-5420\" src=\"http:\/\/www.urpean.com\/wp-content\/uploads\/2016\/08\/DSC_0068.jpg\" alt=\"DSC_0068\" \/><\/a><\/p>\n<p><a href=\"http:\/\/www.urpean.com\/wp-content\/uploads\/2016\/08\/DSC0053.jpg\" rel=\"attachment wp-att-5416\"><img decoding=\"async\" class=\"alignnone size-full wp-image-5416\" src=\"http:\/\/www.urpean.com\/wp-content\/uploads\/2016\/08\/DSC0053.jpg\" alt=\"_DSC0053\" \/><\/a><\/p>\n<p><a href=\"http:\/\/www.urpean.com\/wp-content\/uploads\/2016\/08\/DSC_0094.jpg\" rel=\"attachment wp-att-5428\"><img decoding=\"async\" class=\"alignnone size-full wp-image-5428\" src=\"http:\/\/www.urpean.com\/wp-content\/uploads\/2016\/08\/DSC_0094.jpg\" alt=\"DSC_0094\" \/><\/a><\/p>\n<p><a href=\"http:\/\/www.urpean.com\/wp-content\/uploads\/2016\/08\/DSC_0095.jpg\" rel=\"attachment wp-att-5429\"><img decoding=\"async\" class=\"alignnone size-full wp-image-5429\" src=\"http:\/\/www.urpean.com\/wp-content\/uploads\/2016\/08\/DSC_0095.jpg\" alt=\"DSC_0095\" \/><\/a><\/p>\n<p>Juin 2016<\/p>\n<p><a href=\"http:\/\/www.urpean.com\/wp-content\/uploads\/2016\/01\/Baeau-18-juin-2016-1.jpg\" rel=\"attachment wp-att-5337\"><img loading=\"lazy\" decoding=\"async\" class=\"alignnone wp-image-5337\" src=\"http:\/\/www.urpean.com\/wp-content\/uploads\/2016\/01\/Baeau-18-juin-2016-1-150x150.jpg\" alt=\"Baeau 18 juin 2016 -1\" width=\"170\" height=\"170\" srcset=\"https:\/\/www.urpean.com\/wp-content\/uploads\/2016\/01\/Baeau-18-juin-2016-1-150x150.jpg 150w, https:\/\/www.urpean.com\/wp-content\/uploads\/2016\/01\/Baeau-18-juin-2016-1-144x144.jpg 144w\" sizes=\"auto, (max-width: 170px) 100vw, 170px\" \/><\/a><a href=\"http:\/\/www.urpean.com\/wp-content\/uploads\/2016\/01\/Baeau-18-juin-2016-2.jpg\" rel=\"attachment wp-att-5338\"><img loading=\"lazy\" decoding=\"async\" class=\"wp-image-5338 alignnone\" src=\"http:\/\/www.urpean.com\/wp-content\/uploads\/2016\/01\/Baeau-18-juin-2016-2-150x150.jpg\" alt=\"Baeau 18 juin 2016 -2\" width=\"169\" height=\"169\" srcset=\"https:\/\/www.urpean.com\/wp-content\/uploads\/2016\/01\/Baeau-18-juin-2016-2-150x150.jpg 150w, https:\/\/www.urpean.com\/wp-content\/uploads\/2016\/01\/Baeau-18-juin-2016-2-144x144.jpg 144w\" sizes=\"auto, (max-width: 169px) 100vw, 169px\" \/><\/a><a href=\"http:\/\/www.urpean.com\/wp-content\/uploads\/2016\/01\/Baeau-18-juin-2016-3.jpg\" rel=\"attachment wp-att-5339\"><img loading=\"lazy\" decoding=\"async\" class=\"wp-image-5339 alignnone\" src=\"http:\/\/www.urpean.com\/wp-content\/uploads\/2016\/01\/Baeau-18-juin-2016-3-150x150.jpg\" alt=\"Baeau 18 juin 2016 -3\" width=\"166\" height=\"166\" srcset=\"https:\/\/www.urpean.com\/wp-content\/uploads\/2016\/01\/Baeau-18-juin-2016-3-150x150.jpg 150w, https:\/\/www.urpean.com\/wp-content\/uploads\/2016\/01\/Baeau-18-juin-2016-3-144x144.jpg 144w\" sizes=\"auto, (max-width: 166px) 100vw, 166px\" \/><\/a><\/p>\n<p>Mai : 2016 Retournement de la coque du futur bateau. Cette \u00e9tape correspond au paiement du deuxi\u00e8me acompte. Eric St Martin visite en ce moment le chantier et en profite pour se rendre sur les plages du d\u00e9barquement de 44.<\/p>\n<p><a href=\"http:\/\/www.urpean.com\/wp-content\/uploads\/2016\/01\/New-Boat-8.jpg\" rel=\"attachment wp-att-5184\"><img loading=\"lazy\" decoding=\"async\" class=\"wp-image-5184 alignleft\" src=\"http:\/\/www.urpean.com\/wp-content\/uploads\/2016\/01\/New-Boat-8-644x362.jpg\" alt=\"New Boat 8\" width=\"268\" height=\"151\" srcset=\"https:\/\/www.urpean.com\/wp-content\/uploads\/2016\/01\/New-Boat-8-644x362.jpg 644w, https:\/\/www.urpean.com\/wp-content\/uploads\/2016\/01\/New-Boat-8-300x169.jpg 300w, https:\/\/www.urpean.com\/wp-content\/uploads\/2016\/01\/New-Boat-8-768x432.jpg 768w, https:\/\/www.urpean.com\/wp-content\/uploads\/2016\/01\/New-Boat-8.jpg 1328w\" sizes=\"auto, (max-width: 268px) 100vw, 268px\" \/><\/a><\/p>\n<p><a href=\"http:\/\/www.urpean.com\/wp-content\/uploads\/2016\/01\/New-Boat-9.jpg\" rel=\"attachment wp-att-5185\"><img loading=\"lazy\" decoding=\"async\" class=\"wp-image-5185 alignnone\" src=\"http:\/\/www.urpean.com\/wp-content\/uploads\/2016\/01\/New-Boat-9-644x362.jpg\" alt=\"New Boat 9\" width=\"279\" height=\"157\" srcset=\"https:\/\/www.urpean.com\/wp-content\/uploads\/2016\/01\/New-Boat-9-644x362.jpg 644w, https:\/\/www.urpean.com\/wp-content\/uploads\/2016\/01\/New-Boat-9-300x169.jpg 300w, https:\/\/www.urpean.com\/wp-content\/uploads\/2016\/01\/New-Boat-9-768x432.jpg 768w, https:\/\/www.urpean.com\/wp-content\/uploads\/2016\/01\/New-Boat-9.jpg 1328w\" sizes=\"auto, (max-width: 279px) 100vw, 279px\" \/><\/a><\/p>\n<p><a href=\"http:\/\/www.urpean.com\/wp-content\/uploads\/2016\/01\/New-Boat-10.jpg\" rel=\"attachment wp-att-5186\"><img loading=\"lazy\" decoding=\"async\" class=\"aligncenter wp-image-5186\" src=\"http:\/\/www.urpean.com\/wp-content\/uploads\/2016\/01\/New-Boat-10-644x362.jpg\" alt=\"New Boat 10\" width=\"292\" height=\"164\" srcset=\"https:\/\/www.urpean.com\/wp-content\/uploads\/2016\/01\/New-Boat-10-644x362.jpg 644w, https:\/\/www.urpean.com\/wp-content\/uploads\/2016\/01\/New-Boat-10-300x169.jpg 300w, https:\/\/www.urpean.com\/wp-content\/uploads\/2016\/01\/New-Boat-10-768x432.jpg 768w, https:\/\/www.urpean.com\/wp-content\/uploads\/2016\/01\/New-Boat-10.jpg 1328w\" sizes=\"auto, (max-width: 292px) 100vw, 292px\" \/><\/a><\/p>\n<p>&nbsp;<\/p>\n<p>Etapes ant\u00e9rieures de septembre 2015 \u00e0 avril 2016<\/p>\n<p><a href=\"http:\/\/www.urpean.com\/wp-content\/uploads\/2016\/01\/New-Boat-01.jpg\" rel=\"attachment wp-att-5195\"><img loading=\"lazy\" decoding=\"async\" class=\"wp-image-5195 alignleft\" src=\"http:\/\/www.urpean.com\/wp-content\/uploads\/2016\/01\/New-Boat-01-644x362.jpg\" alt=\"New Boat 01\" width=\"270\" height=\"152\" srcset=\"https:\/\/www.urpean.com\/wp-content\/uploads\/2016\/01\/New-Boat-01-644x362.jpg 644w, https:\/\/www.urpean.com\/wp-content\/uploads\/2016\/01\/New-Boat-01-300x169.jpg 300w, https:\/\/www.urpean.com\/wp-content\/uploads\/2016\/01\/New-Boat-01-768x432.jpg 768w, https:\/\/www.urpean.com\/wp-content\/uploads\/2016\/01\/New-Boat-01.jpg 1328w\" sizes=\"auto, (max-width: 270px) 100vw, 270px\" \/><\/a><\/p>\n<p><a href=\"http:\/\/www.urpean.com\/wp-content\/uploads\/2016\/01\/New-Boat-1.jpg\" rel=\"attachment wp-att-5187\"><img loading=\"lazy\" decoding=\"async\" class=\"wp-image-5187 alignright\" src=\"http:\/\/www.urpean.com\/wp-content\/uploads\/2016\/01\/New-Boat-1-644x362.jpg\" alt=\"New Boat 1\" width=\"264\" height=\"148\" srcset=\"https:\/\/www.urpean.com\/wp-content\/uploads\/2016\/01\/New-Boat-1-644x362.jpg 644w, https:\/\/www.urpean.com\/wp-content\/uploads\/2016\/01\/New-Boat-1-300x169.jpg 300w, https:\/\/www.urpean.com\/wp-content\/uploads\/2016\/01\/New-Boat-1-768x432.jpg 768w, https:\/\/www.urpean.com\/wp-content\/uploads\/2016\/01\/New-Boat-1.jpg 1328w\" sizes=\"auto, (max-width: 264px) 100vw, 264px\" \/><\/a><\/p>\n<p><a href=\"http:\/\/www.urpean.com\/wp-content\/uploads\/2016\/01\/New-Boat-2.jpg\" rel=\"attachment wp-att-5188\"><img loading=\"lazy\" decoding=\"async\" class=\"wp-image-5188 alignright\" src=\"http:\/\/www.urpean.com\/wp-content\/uploads\/2016\/01\/New-Boat-2-644x362.jpg\" alt=\"New Boat 2\" width=\"268\" height=\"151\" srcset=\"https:\/\/www.urpean.com\/wp-content\/uploads\/2016\/01\/New-Boat-2-644x362.jpg 644w, https:\/\/www.urpean.com\/wp-content\/uploads\/2016\/01\/New-Boat-2-300x169.jpg 300w, https:\/\/www.urpean.com\/wp-content\/uploads\/2016\/01\/New-Boat-2-768x432.jpg 768w, https:\/\/www.urpean.com\/wp-content\/uploads\/2016\/01\/New-Boat-2.jpg 1328w\" sizes=\"auto, (max-width: 268px) 100vw, 268px\" \/><\/a><\/p>\n<p>&nbsp;<\/p>\n<p>&nbsp;<\/p>\n<p>&nbsp;<\/p>\n<p><a href=\"http:\/\/www.urpean.com\/wp-content\/uploads\/2016\/01\/New-Boat-3.jpg\" rel=\"attachment wp-att-5189\"><img loading=\"lazy\" decoding=\"async\" class=\"wp-image-5189 alignleft\" src=\"http:\/\/www.urpean.com\/wp-content\/uploads\/2016\/01\/New-Boat-3-644x362.jpg\" alt=\"New Boat 3\" width=\"267\" height=\"150\" srcset=\"https:\/\/www.urpean.com\/wp-content\/uploads\/2016\/01\/New-Boat-3-644x362.jpg 644w, https:\/\/www.urpean.com\/wp-content\/uploads\/2016\/01\/New-Boat-3-300x169.jpg 300w, https:\/\/www.urpean.com\/wp-content\/uploads\/2016\/01\/New-Boat-3-768x432.jpg 768w, https:\/\/www.urpean.com\/wp-content\/uploads\/2016\/01\/New-Boat-3.jpg 1328w\" sizes=\"auto, (max-width: 267px) 100vw, 267px\" \/><\/a><\/p>\n<p><a href=\"http:\/\/www.urpean.com\/wp-content\/uploads\/2016\/01\/New-Boat-4.jpg\" rel=\"attachment wp-att-5190\"><img loading=\"lazy\" decoding=\"async\" class=\"wp-image-5190 alignright\" src=\"http:\/\/www.urpean.com\/wp-content\/uploads\/2016\/01\/New-Boat-4-644x362.jpg\" alt=\"New Boat 4\" width=\"268\" height=\"151\" srcset=\"https:\/\/www.urpean.com\/wp-content\/uploads\/2016\/01\/New-Boat-4-644x362.jpg 644w, https:\/\/www.urpean.com\/wp-content\/uploads\/2016\/01\/New-Boat-4-300x169.jpg 300w, https:\/\/www.urpean.com\/wp-content\/uploads\/2016\/01\/New-Boat-4-768x432.jpg 768w, https:\/\/www.urpean.com\/wp-content\/uploads\/2016\/01\/New-Boat-4.jpg 1328w\" sizes=\"auto, (max-width: 268px) 100vw, 268px\" \/><\/a><\/p>\n<p>&nbsp;<\/p>\n<p>&nbsp;<\/p>\n<p>&nbsp;<\/p>\n<p>&nbsp;<\/p>\n<p><a href=\"http:\/\/www.urpean.com\/wp-content\/uploads\/2016\/01\/New-Boat-5.jpg\" rel=\"attachment wp-att-5191\"><img loading=\"lazy\" decoding=\"async\" class=\"wp-image-5191 alignleft\" src=\"http:\/\/www.urpean.com\/wp-content\/uploads\/2016\/01\/New-Boat-5-644x362.jpg\" alt=\"New Boat 5\" width=\"261\" height=\"147\" srcset=\"https:\/\/www.urpean.com\/wp-content\/uploads\/2016\/01\/New-Boat-5-644x362.jpg 644w, https:\/\/www.urpean.com\/wp-content\/uploads\/2016\/01\/New-Boat-5-300x169.jpg 300w, https:\/\/www.urpean.com\/wp-content\/uploads\/2016\/01\/New-Boat-5-768x432.jpg 768w, https:\/\/www.urpean.com\/wp-content\/uploads\/2016\/01\/New-Boat-5.jpg 1328w\" sizes=\"auto, (max-width: 261px) 100vw, 261px\" \/><\/a><\/p>\n<p>&nbsp;<\/p>\n<p><a href=\"http:\/\/www.urpean.com\/wp-content\/uploads\/2016\/01\/New-Boat-7.jpg\" rel=\"attachment wp-att-5193\"><img loading=\"lazy\" decoding=\"async\" class=\"wp-image-5193 aligncenter\" src=\"http:\/\/www.urpean.com\/wp-content\/uploads\/2016\/01\/New-Boat-7-644x362.jpg\" alt=\"New Boat 7\" width=\"253\" height=\"142\" srcset=\"https:\/\/www.urpean.com\/wp-content\/uploads\/2016\/01\/New-Boat-7-644x362.jpg 644w, https:\/\/www.urpean.com\/wp-content\/uploads\/2016\/01\/New-Boat-7-300x169.jpg 300w, https:\/\/www.urpean.com\/wp-content\/uploads\/2016\/01\/New-Boat-7-768x432.jpg 768w, https:\/\/www.urpean.com\/wp-content\/uploads\/2016\/01\/New-Boat-7.jpg 1328w\" sizes=\"auto, (max-width: 253px) 100vw, 253px\" \/><\/a><\/p>\n<p>&nbsp;<\/p>\n<p>&nbsp;<\/p>\n<p>&nbsp;<\/p>\n","protected":false},"excerpt":{"rendered":"<p>Ao\u00fbt 2016 Voici les derni\u00e8res photos de notre bateau! Visite \u00e0 SETE de Jacky, Eric et Mikel. Serge RAOUX (Bateaux GOSSELIN) et Jean-Luc BABEAU (Motoriste) nous ont pr\u00e9sent\u00e9 les travaux r\u00e9alis\u00e9s et en cours : On aura un super bateau !!!! &nbsp; Juin 2016 Mai : 2016 Retournement de la coque du futur bateau. Cette&#8230;<\/p>\n","protected":false},"author":6,"featured_media":0,"parent":0,"menu_order":0,"comment_status":"closed","ping_status":"closed","template":"","meta":{"_crdt_document":"","ngg_post_thumbnail":0,"footnotes":""},"class_list":["post-4958","page","type-page","status-publish","hentry"],"_links":{"self":[{"href":"https:\/\/www.urpean.com\/index.php?rest_route=\/wp\/v2\/pages\/4958","targetHints":{"allow":["GET"]}}],"collection":[{"href":"https:\/\/www.urpean.com\/index.php?rest_route=\/wp\/v2\/pages"}],"about":[{"href":"https:\/\/www.urpean.com\/index.php?rest_route=\/wp\/v2\/types\/page"}],"author":[{"embeddable":true,"href":"https:\/\/www.urpean.com\/index.php?rest_route=\/wp\/v2\/users\/6"}],"replies":[{"embeddable":true,"href":"https:\/\/www.urpean.com\/index.php?rest_route=%2Fwp%2Fv2%2Fcomments&post=4958"}],"version-history":[{"count":7,"href":"https:\/\/www.urpean.com\/index.php?rest_route=\/wp\/v2\/pages\/4958\/revisions"}],"predecessor-version":[{"id":5436,"href":"https:\/\/www.urpean.com\/index.php?rest_route=\/wp\/v2\/pages\/4958\/revisions\/5436"}],"wp:attachment":[{"href":"https:\/\/www.urpean.com\/index.php?rest_route=%2Fwp%2Fv2%2Fmedia&parent=4958"}],"curies":[{"name":"wp","href":"https:\/\/api.w.org\/{rel}","templated":true}]}}