{"id":5,"date":"2007-11-04T21:51:45","date_gmt":"2007-11-04T20:51:45","guid":{"rendered":"http:\/\/urpean.nuxit.net\/wp\/?page_id=5"},"modified":"2022-11-24T17:51:57","modified_gmt":"2022-11-24T16:51:57","slug":"historique","status":"publish","type":"page","link":"https:\/\/www.urpean.com\/?page_id=5","title":{"rendered":"Historique"},"content":{"rendered":"<h3><span style=\"font-family: Arial; font-size: small;\">ngg_shortcode_0_placeholderBienvenue au Club de Plong\u00e9e URPEAN<\/span><\/h3>\n<p class=\"MsoNormal\"><span style=\"font-size: small;\"><strong>URPEAN<\/strong> elkartea 1963.urtean sortu zen eta geroztik Euskal kostaldeko urpekari elkarte garrantzitsuenetarikoa bilakatu da. Orain gure esperientzia itsaspeko bazterrak ezagutu nahi dituztenaren esku dago Arrantza portuan dugu gure aretoa eta han hurbil gure itsas ontzia ASTURRIAGA deritzana, 29 urpekarientzat prestatua. Lokala berria ongi hornitua, aldalekuak, dutxak, txokoa etab\u2026Ez kezkatu edozein maila duzuelarik, begirale eta zuzendari talde jator batek harrerarik onena eginen dizue URPEAN elkartean eroso senti zaitezten. Urte oroz URPEAN elkartera hurbiltzen den urpekari andanak frogatzen du nolako giroa dagoen gure elkartean eta ongi bizitzea zer den badakigu Euskal herrian.<\/span><\/p>\n<p><span style=\"font-size: small;\">Laster arte. <span style=\"font-family: Arial;\">ngg_shortcode_1_placeholder<\/span><\/span><\/p>\n<p><span style=\"font-size: small;\">Cr\u00e9\u00e9 en 1963 le Club URPEAN est devenu au fil des ann\u00e9es un des clubs les plus importants de la C\u00f4te Basque. L\u2019exp\u00e9rience acquise au cours de ces ann\u00e9es nous la mettons maintenant \u00e0 disposition de tous ceux qui veulent d\u00e9couvrir nos fonds sous-marins. Nous sommes situ\u00e9 sur le port de p\u00eache, pr\u00e8s de notre bateau l&rsquo;ASTURRIAGA homologu\u00e9 29 plongeurs. Nous disposons d\u2019un local flambant neuf, \u00e9quip\u00e9 pour votre confort (vestiaires, douches, club house) Peu importe votre niveau, une \u00e9quipe sympa et passionn\u00e9e de moniteurs et dirigeants, vous accueillera dans les meilleures conditions, avec le souci constant de faire de vous un habitu\u00e9 du Club URPEAN .<\/span><\/p>\n<p><span style=\"font-size: small;\">Les nombreux plongeurs qui reviennent d\u2019ann\u00e9e en ann\u00e9e prouvent si besoin est que \u00ab l\u2019ambiance URPEAN \u00bb ne laisse personne indiff\u00e9rent, et chacun sait ce que bien vivre veut dire au Pays Basque. <\/span><\/p>\n<p class=\"MsoNormal\" style=\"margin: 0cm 0cm 0pt;\"><span style=\"font-size: small;\">A bient\u00f4t<\/span><\/p>\n","protected":false},"excerpt":{"rendered":"<p>Bienvenue au Club de Plong\u00e9e URPEAN URPEAN elkartea 1963.urtean sortu zen eta geroztik Euskal kostaldeko urpekari elkarte garrantzitsuenetarikoa bilakatu da. Orain gure esperientzia itsaspeko bazterrak ezagutu nahi dituztenaren esku dago Arrantza portuan dugu gure aretoa eta han hurbil gure itsas ontzia ASTURRIAGA deritzana, 29 urpekarientzat prestatua. Lokala berria ongi hornitua, aldalekuak, dutxak, txokoa etab\u2026Ez kezkatu&#8230;<\/p>\n","protected":false},"author":1,"featured_media":0,"parent":0,"menu_order":15,"comment_status":"open","ping_status":"open","template":"","meta":{"_crdt_document":"","ngg_post_thumbnail":0,"footnotes":""},"class_list":["post-5","page","type-page","status-publish","hentry"],"_links":{"self":[{"href":"https:\/\/www.urpean.com\/index.php?rest_route=\/wp\/v2\/pages\/5","targetHints":{"allow":["GET"]}}],"collection":[{"href":"https:\/\/www.urpean.com\/index.php?rest_route=\/wp\/v2\/pages"}],"about":[{"href":"https:\/\/www.urpean.com\/index.php?rest_route=\/wp\/v2\/types\/page"}],"author":[{"embeddable":true,"href":"https:\/\/www.urpean.com\/index.php?rest_route=\/wp\/v2\/users\/1"}],"replies":[{"embeddable":true,"href":"https:\/\/www.urpean.com\/index.php?rest_route=%2Fwp%2Fv2%2Fcomments&post=5"}],"version-history":[{"count":6,"href":"https:\/\/www.urpean.com\/index.php?rest_route=\/wp\/v2\/pages\/5\/revisions"}],"predecessor-version":[{"id":8998,"href":"https:\/\/www.urpean.com\/index.php?rest_route=\/wp\/v2\/pages\/5\/revisions\/8998"}],"wp:attachment":[{"href":"https:\/\/www.urpean.com\/index.php?rest_route=%2Fwp%2Fv2%2Fmedia&parent=5"}],"curies":[{"name":"wp","href":"https:\/\/api.w.org\/{rel}","templated":true}]}}